{"id":2341,"date":"2025-03-14T14:51:17","date_gmt":"2025-03-14T14:51:17","guid":{"rendered":"https:\/\/www.alubest.pl\/?page_id=2341"},"modified":"2025-03-14T14:51:17","modified_gmt":"2025-03-14T14:51:17","slug":"alubest-information","status":"publish","type":"page","link":"https:\/\/www.alubest.pl\/en_us\/alubest-information\/","title":{"rendered":"AluBest Information"},"content":{"rendered":"<div class=\"fusion-fullwidth fullwidth-box fusion-builder-row-1 fusion-flex-container has-pattern-background has-mask-background nonhundred-percent-fullwidth non-hundred-percent-height-scrolling\" style=\"--awb-border-radius-top-left:0px;--awb-border-radius-top-right:0px;--awb-border-radius-bottom-right:0px;--awb-border-radius-bottom-left:0px;--awb-flex-wrap:wrap;\" ><div class=\"fusion-builder-row fusion-row fusion-flex-align-items-flex-start fusion-flex-content-wrap\" style=\"max-width:1497.6px;margin-left: calc(-4% \/ 2 );margin-right: calc(-4% \/ 2 );\"><div class=\"fusion-layout-column fusion_builder_column fusion-builder-column-0 fusion_builder_column_1_1 1_1 fusion-flex-column\" style=\"--awb-bg-size:cover;--awb-width-large:100%;--awb-margin-top-large:0px;--awb-spacing-right-large:1.92%;--awb-margin-bottom-large:20px;--awb-spacing-left-large:1.92%;--awb-width-medium:100%;--awb-order-medium:0;--awb-spacing-right-medium:1.92%;--awb-spacing-left-medium:1.92%;--awb-width-small:100%;--awb-order-small:0;--awb-spacing-right-small:1.92%;--awb-spacing-left-small:1.92%;\"><div class=\"fusion-column-wrapper fusion-column-has-shadow fusion-flex-justify-content-flex-start fusion-content-layout-column\"><div class=\"fusion-title title fusion-title-1 fusion-sep-none fusion-title-text fusion-title-size-two\"><h2 class=\"fusion-title-heading title-heading-left fusion-responsive-typography-calculated\" style=\"margin:0;text-transform:none;--fontSize:96;line-height:1;\">AluBest Information<\/h2><\/div><div class=\"fusion-separator fusion-has-icon fusion-full-width-sep\" style=\"align-self: center;margin-left: auto;margin-right: auto;margin-bottom:50px;width:100%;\"><div class=\"fusion-separator-border sep-single sep-solid\" style=\"--awb-height:20px;--awb-amount:20px;--awb-sep-color:var(--awb-color5);border-color:var(--awb-color5);border-top-width:5px;\"><\/div><span class=\"icon-wrapper\" style=\"border-color:transparent;font-size:25px;width: 1.75em; height: 1.75em;border-width:5px;padding:5px;margin-top:-2.5px\"><i class=\"fa-info-circle fas\" style=\"font-size: inherit;color:var(--awb-color5);\" aria-hidden=\"true\"><\/i><\/span><div class=\"fusion-separator-border sep-single sep-solid\" style=\"--awb-height:20px;--awb-amount:20px;--awb-sep-color:var(--awb-color5);border-color:var(--awb-color5);border-top-width:5px;\"><\/div><\/div><div class=\"fusion-title title fusion-title-2 fusion-sep-none fusion-title-text fusion-title-size-three\"><h3 class=\"fusion-title-heading title-heading-left fusion-responsive-typography-calculated\" style=\"margin:0;text-transform:none;--fontSize:48;line-height:1;\">AluBest Polska<\/h3><\/div><div class=\"fusion-text fusion-text-1\"><p><strong>Company name<\/strong> : AluBest Polska sp. z o.o.<\/p>\n<p><strong>Headquarters<\/strong>: ul. H. Sienkiewicza 85\/87 lok. 8. 90-057 \u0141\u00f3d\u017a, Poland<\/p>\n<p><strong>VAT\/NIP number<\/strong>: PL9291937962<span class=\"Apple-converted-space\">\u00a0<\/span><\/p>\n<p><strong>REGON<\/strong>: 369353586<\/p>\n<p><strong>Demo Center<\/strong>: Biznes Park, ul. Pabianicka 71\/77, 95-030 Rzg\u00f3w\/Poland<span class=\"Apple-converted-space\">\u00a0<\/span><\/p>\n<p><strong>Office<\/strong>: Sk\u00f3rzewo 5, 77-300 Cz\u0142uch\u00f3w, Poland<\/p>\n<p><b>E-mails:<span class=\"Apple-converted-space\">\u00a0<\/span><\/b> <a href=\"mailto:info@alubest.de\">info@alubest.de<\/a> , <a href=\"mailto:service@alubest.de\">service@alubest.de<\/a> ,\u00a0<a href=\"mailto:logistics@alubest.de\">logistics@alubest.de<\/a><\/p>\n<\/div><div class=\"fusion-title title fusion-title-3 fusion-sep-none fusion-title-text fusion-title-size-three\"><h3 class=\"fusion-title-heading title-heading-left fusion-responsive-typography-calculated\" style=\"margin:0;text-transform:none;--fontSize:48;line-height:1;\">AluBest Germany<\/h3><\/div><div class=\"fusion-text fusion-text-2\"><p><strong>Address<\/strong>: Bertha-Benz-Strasse 5, 10557 Berlin, Deutschland<span class=\"Apple-converted-space\">\u00a0<\/span><\/p>\n<p><strong>Steuernummer \/ NIP<\/strong>: DE318222732<\/p>\n<\/div><\/div><\/div><\/div><\/div>\n","protected":false},"excerpt":{"rendered":"","protected":false},"author":1,"featured_media":0,"parent":0,"menu_order":0,"comment_status":"closed","ping_status":"closed","template":"100-width.php","meta":{"footnotes":""},"class_list":["post-2341","page","type-page","status-publish","hentry"],"_links":{"self":[{"href":"https:\/\/www.alubest.pl\/en_us\/wp-json\/wp\/v2\/pages\/2341","targetHints":{"allow":["GET"]}}],"collection":[{"href":"https:\/\/www.alubest.pl\/en_us\/wp-json\/wp\/v2\/pages"}],"about":[{"href":"https:\/\/www.alubest.pl\/en_us\/wp-json\/wp\/v2\/types\/page"}],"author":[{"embeddable":true,"href":"https:\/\/www.alubest.pl\/en_us\/wp-json\/wp\/v2\/users\/1"}],"replies":[{"embeddable":true,"href":"https:\/\/www.alubest.pl\/en_us\/wp-json\/wp\/v2\/comments?post=2341"}],"version-history":[{"count":2,"href":"https:\/\/www.alubest.pl\/en_us\/wp-json\/wp\/v2\/pages\/2341\/revisions"}],"predecessor-version":[{"id":2343,"href":"https:\/\/www.alubest.pl\/en_us\/wp-json\/wp\/v2\/pages\/2341\/revisions\/2343"}],"wp:attachment":[{"href":"https:\/\/www.alubest.pl\/en_us\/wp-json\/wp\/v2\/media?parent=2341"}],"curies":[{"name":"wp","href":"https:\/\/api.w.org\/{rel}","templated":true}]}}